{"id":48,"date":"2023-05-03T08:50:55","date_gmt":"2023-05-03T08:50:55","guid":{"rendered":"https:\/\/bluedeal.co.mz\/?page_id=48"},"modified":"2024-07-09T13:16:09","modified_gmt":"2024-07-09T13:16:09","slug":"contacto","status":"publish","type":"page","link":"https:\/\/bluedeal.co.mz\/en\/contacto\/","title":{"rendered":"Contact"},"content":{"rendered":"<div data-elementor-type=\"wp-page\" data-elementor-id=\"48\" class=\"elementor elementor-48\">\n\t\t\t\t<div class=\"elementor-element elementor-element-941ee8b e-con-full e-flex e-con e-parent\" data-id=\"941ee8b\" data-element_type=\"container\" data-settings=\"{&quot;background_background&quot;:&quot;gradient&quot;}\">\n\t\t\t\t<div class=\"elementor-element elementor-element-a773a5c elementor-widget elementor-widget-heading\" data-id=\"a773a5c\" data-element_type=\"widget\" data-widget_type=\"heading.default\">\n\t\t\t\t<div class=\"elementor-widget-container\">\n\t\t\t\t\t<h1 class=\"elementor-heading-title elementor-size-default\">Contact<\/h1>\t\t\t\t<\/div>\n\t\t\t\t<\/div>\n\t\t\t\t<\/div>\n\t\t<div class=\"elementor-element elementor-element-3245a3f e-con-full e-flex e-con e-parent\" data-id=\"3245a3f\" data-element_type=\"container\">\n\t\t<div class=\"elementor-element elementor-element-bfc7a2e e-con-full no-margin e-flex e-con e-child\" data-id=\"bfc7a2e\" data-element_type=\"container\">\n\t\t\t\t<div class=\"elementor-element elementor-element-72f12ef elementor-widget elementor-widget-text-editor\" data-id=\"72f12ef\" data-element_type=\"widget\" data-widget_type=\"text-editor.default\">\n\t\t\t\t<div class=\"elementor-widget-container\">\n\t\t\t\t\t\t\t\t\t<p><strong>Our addresses<\/strong><\/p><p>\u00a0<\/p><p><span style=\"font-style: inherit;font-weight: inherit;color: var( --e-global-color-astglobalcolor3 );text-align: var(--text-align)\">Rua da Imprensa no. 162, 2nd floor, DNGRH, Department of Strategic Studies, Maputo - Mozambique.<\/span><\/p>\t\t\t\t\t\t\t\t<\/div>\n\t\t\t\t<\/div>\n\t\t\t\t<div class=\"elementor-element elementor-element-df9f2e3 elementor-widget elementor-widget-text-editor\" data-id=\"df9f2e3\" data-element_type=\"widget\" data-widget_type=\"text-editor.default\">\n\t\t\t\t<div class=\"elementor-widget-container\">\n\t\t\t\t\t\t\t\t\t<p><a href=\"mailto:info@bluedeal.co.mz\">info@bluedeal.co.mz<\/a><\/p>\t\t\t\t\t\t\t\t<\/div>\n\t\t\t\t<\/div>\n\t\t\t\t<\/div>\n\t\t<div class=\"elementor-element elementor-element-096ac90 e-con-full e-flex e-con e-child\" data-id=\"096ac90\" data-element_type=\"container\">\n\t\t\t\t<div class=\"elementor-element elementor-element-49de359 elementor-widget__width-initial eael-contact-form-7-button-align-left eael-contact-form-7-button-custom elementor-widget elementor-widget-eael-contact-form-7\" data-id=\"49de359\" data-element_type=\"widget\" data-widget_type=\"eael-contact-form-7.default\">\n\t\t\t\t<div class=\"elementor-widget-container\">\n\t\t\t\t\t<div class=\"eael-contact-form-7-wrapper\">\n                <div class=\"eael-contact-form eael-contact-form-7 eael-contact-form-49de359 placeholder-show eael-contact-form-align-default\">\n<div class=\"wpcf7 no-js\" id=\"wpcf7-f2034-o1\" lang=\"en-US\" dir=\"ltr\" data-wpcf7-id=\"2034\">\n<div class=\"screen-reader-response\"><p role=\"status\" aria-live=\"polite\" aria-atomic=\"true\"><\/p> <ul><\/ul><\/div>\n<form action=\"\/en\/wp-json\/wp\/v2\/pages\/48#wpcf7-f2034-o1\" method=\"post\" class=\"wpcf7-form init\" aria-label=\"Contact form\" novalidate=\"novalidate\" data-status=\"init\" data-trp-original-action=\"\/en\/wp-json\/wp\/v2\/pages\/48#wpcf7-f2034-o1\">\n<fieldset class=\"hidden-fields-container\"><input type=\"hidden\" name=\"_wpcf7\" value=\"2034\" \/><input type=\"hidden\" name=\"_wpcf7_version\" value=\"6.1.4\" \/><input type=\"hidden\" name=\"_wpcf7_locale\" value=\"en_US\" \/><input type=\"hidden\" name=\"_wpcf7_unit_tag\" value=\"wpcf7-f2034-o1\" \/><input type=\"hidden\" name=\"_wpcf7_container_post\" value=\"0\" \/><input type=\"hidden\" name=\"_wpcf7_posted_data_hash\" value=\"\" \/>\n<\/fieldset>\n<p><label> Name<br \/>\n<span class=\"wpcf7-form-control-wrap\" data-name=\"your-name\"><input size=\"40\" maxlength=\"400\" class=\"wpcf7-form-control wpcf7-text wpcf7-validates-as-required\" autocomplete=\"name\" aria-required=\"true\" aria-invalid=\"false\" value=\"\" type=\"text\" name=\"your-name\" \/><\/span> <\/label>\n<\/p>\n<p><label> Email<br \/>\n<span class=\"wpcf7-form-control-wrap\" data-name=\"your-email\"><input size=\"40\" maxlength=\"400\" class=\"wpcf7-form-control wpcf7-email wpcf7-validates-as-required wpcf7-text wpcf7-validates-as-email\" autocomplete=\"email\" aria-required=\"true\" aria-invalid=\"false\" value=\"\" type=\"email\" name=\"your-email\" \/><\/span> <\/label>\n<\/p>\n<p><label> Subject<br \/>\n<span class=\"wpcf7-form-control-wrap\" data-name=\"your-subject\"><input size=\"40\" maxlength=\"400\" class=\"wpcf7-form-control wpcf7-text wpcf7-validates-as-required\" aria-required=\"true\" aria-invalid=\"false\" value=\"\" type=\"text\" name=\"your-subject\" \/><\/span> <\/label>\n<\/p>\n<p><label> Message<br \/>\n<span class=\"wpcf7-form-control-wrap\" data-name=\"your-message\"><textarea cols=\"40\" rows=\"4\" maxlength=\"2000\" class=\"wpcf7-form-control wpcf7-textarea\" aria-invalid=\"false\" name=\"your-message\"><\/textarea><\/span> <\/label>\n<\/p>\n<p><input class=\"wpcf7-form-control wpcf7-submit has-spinner\" type=\"submit\" value=\"Send message\" \/>\n<\/p><div class=\"wpcf7-response-output\" aria-hidden=\"true\"><\/div>\n<input type=\"hidden\" name=\"trp-form-language\" value=\"en\"\/><\/form>\n<\/div>\n<\/div>\n            <\/div>\t\t\t\t<\/div>\n\t\t\t\t<\/div>\n\t\t\t\t<\/div>\n\t\t\t\t<\/div>\n\t\t\t\t<\/div>","protected":false},"excerpt":{"rendered":"<p>Contacto Nossos endere\u00e7os \u00a0 Rua da Imprensa no. 162, 2\u00ba andar, DNGRH, Departamento de Estudos Estrat\u00e9gicos, Cidade de Maputo &#8211; Mo\u00e7ambique. info@bluedeal.co.mz Nome Email Assunto Mensagem<\/p>","protected":false},"author":1,"featured_media":0,"parent":0,"menu_order":0,"comment_status":"closed","ping_status":"closed","template":"","meta":{"_acf_changed":false,"_eb_attr":"","site-sidebar-layout":"no-sidebar","site-content-layout":"page-builder","ast-site-content-layout":"","site-content-style":"default","site-sidebar-style":"default","ast-global-header-display":"","ast-banner-title-visibility":"","ast-main-header-display":"","ast-hfb-above-header-display":"","ast-hfb-below-header-display":"","ast-hfb-mobile-header-display":"","site-post-title":"disabled","ast-breadcrumbs-content":"","ast-featured-img":"disabled","footer-sml-layout":"","theme-transparent-header-meta":"","adv-header-id-meta":"","stick-header-meta":"","header-above-stick-meta":"","header-main-stick-meta":"","header-below-stick-meta":"","astra-migrate-meta-layouts":"","footnotes":""},"class_list":["post-48","page","type-page","status-publish","hentry"],"acf":[],"yoast_head":"<!-- This site is optimized with the Yoast SEO plugin v26.6 - https:\/\/yoast.com\/wordpress\/plugins\/seo\/ -->\n<title>Contacto - Blue Deal Parceria Mo\u00e7ambique<\/title>\n<meta name=\"robots\" content=\"index, follow, max-snippet:-1, max-image-preview:large, max-video-preview:-1\" \/>\n<link rel=\"canonical\" href=\"https:\/\/bluedeal.co.mz\/en\/contacto\/\" \/>\n<meta property=\"og:locale\" content=\"en_GB\" \/>\n<meta property=\"og:type\" content=\"article\" \/>\n<meta property=\"og:title\" content=\"Contacto - Blue Deal Parceria Mo\u00e7ambique\" \/>\n<meta property=\"og:description\" content=\"Contacto Nossos endere\u00e7os \u00a0 Rua da Imprensa no. 162, 2\u00ba andar, DNGRH, Departamento de Estudos Estrat\u00e9gicos, Cidade de Maputo &#8211; Mo\u00e7ambique. info@bluedeal.co.mz Nome Email Assunto Mensagem\" \/>\n<meta property=\"og:url\" content=\"https:\/\/bluedeal.co.mz\/en\/contacto\/\" \/>\n<meta property=\"og:site_name\" content=\"Blue Deal Parceria Mo\u00e7ambique\" \/>\n<meta property=\"article:modified_time\" content=\"2024-07-09T13:16:09+00:00\" \/>\n<meta name=\"twitter:card\" content=\"summary_large_image\" \/>\n<meta name=\"twitter:label1\" content=\"Estimated reading time\" \/>\n\t<meta name=\"twitter:data1\" content=\"1 minute\" \/>\n<script type=\"application\/ld+json\" class=\"yoast-schema-graph\">{\"@context\":\"https:\/\/schema.org\",\"@graph\":[{\"@type\":\"WebPage\",\"@id\":\"https:\/\/bluedeal.co.mz\/contacto\/\",\"url\":\"https:\/\/bluedeal.co.mz\/contacto\/\",\"name\":\"Contacto - Blue Deal Parceria Mo\u00e7ambique\",\"isPartOf\":{\"@id\":\"https:\/\/bluedeal.co.mz\/#website\"},\"datePublished\":\"2023-05-03T08:50:55+00:00\",\"dateModified\":\"2024-07-09T13:16:09+00:00\",\"breadcrumb\":{\"@id\":\"https:\/\/bluedeal.co.mz\/contacto\/#breadcrumb\"},\"inLanguage\":\"en-GB\",\"potentialAction\":[{\"@type\":\"ReadAction\",\"target\":[\"https:\/\/bluedeal.co.mz\/contacto\/\"]}]},{\"@type\":\"BreadcrumbList\",\"@id\":\"https:\/\/bluedeal.co.mz\/contacto\/#breadcrumb\",\"itemListElement\":[{\"@type\":\"ListItem\",\"position\":1,\"name\":\"Home\",\"item\":\"https:\/\/bluedeal.co.mz\/\"},{\"@type\":\"ListItem\",\"position\":2,\"name\":\"Contacto\"}]},{\"@type\":\"WebSite\",\"@id\":\"https:\/\/bluedeal.co.mz\/#website\",\"url\":\"https:\/\/bluedeal.co.mz\/\",\"name\":\"Blue Deal Parceria Mo\u00e7ambique\",\"description\":\"Coopera\u00e7\u00e3o entre as Autoridades de Agua em Mo\u00e7ambique e da Holanda.\",\"publisher\":{\"@id\":\"https:\/\/bluedeal.co.mz\/#organization\"},\"potentialAction\":[{\"@type\":\"SearchAction\",\"target\":{\"@type\":\"EntryPoint\",\"urlTemplate\":\"https:\/\/bluedeal.co.mz\/?s={search_term_string}\"},\"query-input\":{\"@type\":\"PropertyValueSpecification\",\"valueRequired\":true,\"valueName\":\"search_term_string\"}}],\"inLanguage\":\"en-GB\"},{\"@type\":\"Organization\",\"@id\":\"https:\/\/bluedeal.co.mz\/#organization\",\"name\":\"Blue Deal Parceria Mo\u00e7ambique\",\"url\":\"https:\/\/bluedeal.co.mz\/\",\"logo\":{\"@type\":\"ImageObject\",\"inLanguage\":\"en-GB\",\"@id\":\"https:\/\/bluedeal.co.mz\/#\/schema\/logo\/image\/\",\"url\":\"https:\/\/bluedeal.co.mz\/wp-content\/uploads\/2023\/05\/blue-deal-logo.png\",\"contentUrl\":\"https:\/\/bluedeal.co.mz\/wp-content\/uploads\/2023\/05\/blue-deal-logo.png\",\"width\":65,\"height\":51,\"caption\":\"Blue Deal Parceria Mo\u00e7ambique\"},\"image\":{\"@id\":\"https:\/\/bluedeal.co.mz\/#\/schema\/logo\/image\/\"}}]}<\/script>\n<!-- \/ Yoast SEO plugin. -->","yoast_head_json":{"title":"Contacto - Blue Deal Parceria Mo\u00e7ambique","robots":{"index":"index","follow":"follow","max-snippet":"max-snippet:-1","max-image-preview":"max-image-preview:large","max-video-preview":"max-video-preview:-1"},"canonical":"https:\/\/bluedeal.co.mz\/en\/contacto\/","og_locale":"en_GB","og_type":"article","og_title":"Contacto - Blue Deal Parceria Mo\u00e7ambique","og_description":"Contacto Nossos endere\u00e7os \u00a0 Rua da Imprensa no. 162, 2\u00ba andar, DNGRH, Departamento de Estudos Estrat\u00e9gicos, Cidade de Maputo &#8211; Mo\u00e7ambique. info@bluedeal.co.mz Nome Email Assunto Mensagem","og_url":"https:\/\/bluedeal.co.mz\/en\/contacto\/","og_site_name":"Blue Deal Parceria Mo\u00e7ambique","article_modified_time":"2024-07-09T13:16:09+00:00","twitter_card":"summary_large_image","twitter_misc":{"Estimated reading time":"1 minute"},"schema":{"@context":"https:\/\/schema.org","@graph":[{"@type":"WebPage","@id":"https:\/\/bluedeal.co.mz\/contacto\/","url":"https:\/\/bluedeal.co.mz\/contacto\/","name":"Contacto - Blue Deal Parceria Mo\u00e7ambique","isPartOf":{"@id":"https:\/\/bluedeal.co.mz\/#website"},"datePublished":"2023-05-03T08:50:55+00:00","dateModified":"2024-07-09T13:16:09+00:00","breadcrumb":{"@id":"https:\/\/bluedeal.co.mz\/contacto\/#breadcrumb"},"inLanguage":"en-GB","potentialAction":[{"@type":"ReadAction","target":["https:\/\/bluedeal.co.mz\/contacto\/"]}]},{"@type":"BreadcrumbList","@id":"https:\/\/bluedeal.co.mz\/contacto\/#breadcrumb","itemListElement":[{"@type":"ListItem","position":1,"name":"Home","item":"https:\/\/bluedeal.co.mz\/"},{"@type":"ListItem","position":2,"name":"Contacto"}]},{"@type":"WebSite","@id":"https:\/\/bluedeal.co.mz\/#website","url":"https:\/\/bluedeal.co.mz\/","name":"Blue Deal Parceria Mo\u00e7ambique","description":"Coopera\u00e7\u00e3o entre as Autoridades de Agua em Mo\u00e7ambique e da Holanda.","publisher":{"@id":"https:\/\/bluedeal.co.mz\/#organization"},"potentialAction":[{"@type":"SearchAction","target":{"@type":"EntryPoint","urlTemplate":"https:\/\/bluedeal.co.mz\/?s={search_term_string}"},"query-input":{"@type":"PropertyValueSpecification","valueRequired":true,"valueName":"search_term_string"}}],"inLanguage":"en-GB"},{"@type":"Organization","@id":"https:\/\/bluedeal.co.mz\/#organization","name":"Blue Deal Parceria Mo\u00e7ambique","url":"https:\/\/bluedeal.co.mz\/","logo":{"@type":"ImageObject","inLanguage":"en-GB","@id":"https:\/\/bluedeal.co.mz\/#\/schema\/logo\/image\/","url":"https:\/\/bluedeal.co.mz\/wp-content\/uploads\/2023\/05\/blue-deal-logo.png","contentUrl":"https:\/\/bluedeal.co.mz\/wp-content\/uploads\/2023\/05\/blue-deal-logo.png","width":65,"height":51,"caption":"Blue Deal Parceria Mo\u00e7ambique"},"image":{"@id":"https:\/\/bluedeal.co.mz\/#\/schema\/logo\/image\/"}}]}},"_links":{"self":[{"href":"https:\/\/bluedeal.co.mz\/en\/wp-json\/wp\/v2\/pages\/48","targetHints":{"allow":["GET"]}}],"collection":[{"href":"https:\/\/bluedeal.co.mz\/en\/wp-json\/wp\/v2\/pages"}],"about":[{"href":"https:\/\/bluedeal.co.mz\/en\/wp-json\/wp\/v2\/types\/page"}],"author":[{"embeddable":true,"href":"https:\/\/bluedeal.co.mz\/en\/wp-json\/wp\/v2\/users\/1"}],"replies":[{"embeddable":true,"href":"https:\/\/bluedeal.co.mz\/en\/wp-json\/wp\/v2\/comments?post=48"}],"version-history":[{"count":155,"href":"https:\/\/bluedeal.co.mz\/en\/wp-json\/wp\/v2\/pages\/48\/revisions"}],"predecessor-version":[{"id":6086,"href":"https:\/\/bluedeal.co.mz\/en\/wp-json\/wp\/v2\/pages\/48\/revisions\/6086"}],"wp:attachment":[{"href":"https:\/\/bluedeal.co.mz\/en\/wp-json\/wp\/v2\/media?parent=48"}],"curies":[{"name":"wp","href":"https:\/\/api.w.org\/{rel}","templated":true}]}}