{"id":40,"date":"2023-05-03T08:49:29","date_gmt":"2023-05-03T08:49:29","guid":{"rendered":"https:\/\/bluedeal.co.mz\/?page_id=40"},"modified":"2024-07-14T16:59:45","modified_gmt":"2024-07-14T16:59:45","slug":"parceiros","status":"publish","type":"page","link":"https:\/\/bluedeal.co.mz\/en\/sobre\/parceiros\/","title":{"rendered":"Our Partners"},"content":{"rendered":"<div data-elementor-type=\"wp-page\" data-elementor-id=\"40\" class=\"elementor elementor-40\">\n\t\t\t\t<div class=\"elementor-element elementor-element-b735d23 e-con-full e-flex e-con e-parent\" data-id=\"b735d23\" data-element_type=\"container\" data-settings=\"{&quot;background_background&quot;:&quot;classic&quot;}\">\n\t\t\t\t<div class=\"elementor-element elementor-element-75fb234 elementor-widget elementor-widget-heading\" data-id=\"75fb234\" data-element_type=\"widget\" data-widget_type=\"heading.default\">\n\t\t\t\t<div class=\"elementor-widget-container\">\n\t\t\t\t\t<h1 class=\"elementor-heading-title elementor-size-default\">Our Partners<\/h1>\t\t\t\t<\/div>\n\t\t\t\t<\/div>\n\t\t\t\t<\/div>\n\t\t<div class=\"elementor-element elementor-element-496252d e-con-full e-flex e-con e-parent\" data-id=\"496252d\" data-element_type=\"container\" data-settings=\"{&quot;background_background&quot;:&quot;classic&quot;}\">\n\t\t\t\t<div class=\"elementor-element elementor-element-a3cd9f3 elementor-widget__width-initial no-margin elementor-widget elementor-widget-text-editor\" data-id=\"a3cd9f3\" data-element_type=\"widget\" data-widget_type=\"text-editor.default\">\n\t\t\t\t<div class=\"elementor-widget-container\">\n\t\t\t\t\t\t\t\t\t<p>Our regional partners are key to our work. <span style=\"white-space: pre-wrap\">In the Blue Deal Mozambique partnership, we rely on the support of organisations working on water management. <\/span><span style=\"color: var( --e-global-color-astglobalcolor3 );font-family: var( --e-global-typography-text-font-family ), Sans-serif;font-weight: var( --e-global-typography-text-font-weight );font-size: 1rem\">In our cross-cutting actions, <\/span><span style=\"color: var( --e-global-color-astglobalcolor3 );font-family: var( --e-global-typography-text-font-family ), Sans-serif;font-weight: var( --e-global-typography-text-font-weight );font-size: 1rem\">we involve <\/span><span style=\"color: var( --e-global-color-astglobalcolor3 );font-family: var( --e-global-typography-text-font-family ), Sans-serif;font-style: inherit;font-weight: inherit\">a sanitation and drainage organisation in the city of Beira. Together, these partners are implementing activities to provide the Mozambican population with access to clean, safe and sufficient water and to mitigate the effects of climate change.<\/span><\/p>\t\t\t\t\t\t\t\t<\/div>\n\t\t\t\t<\/div>\n\t\t\t\t<\/div>\n\t\t<div class=\"elementor-element elementor-element-29048a3 e-con-full e-flex e-con e-parent\" data-id=\"29048a3\" data-element_type=\"container\">\n\t\t<div class=\"elementor-element elementor-element-0158949 e-con-full e-flex e-con e-child\" data-id=\"0158949\" data-element_type=\"container\">\n\t\t\t\t<div class=\"elementor-element elementor-element-72cd3ea elementor-widget elementor-widget-image\" data-id=\"72cd3ea\" data-element_type=\"widget\" data-widget_type=\"image.default\">\n\t\t\t\t<div class=\"elementor-widget-container\">\n\t\t\t\t\t\t\t\t\t\t\t\t\t\t\t<img fetchpriority=\"high\" decoding=\"async\" width=\"464\" height=\"170\" src=\"https:\/\/bluedeal.co.mz\/wp-content\/uploads\/2023\/08\/ARA-Sul-logo-Transparent.png\" class=\"attachment-full size-full wp-image-2754\" alt=\"\" srcset=\"https:\/\/bluedeal.co.mz\/wp-content\/uploads\/2023\/08\/ARA-Sul-logo-Transparent.png 464w, https:\/\/bluedeal.co.mz\/wp-content\/uploads\/2023\/08\/ARA-Sul-logo-Transparent-300x110.png 300w\" sizes=\"(max-width: 464px) 100vw, 464px\" \/>\t\t\t\t\t\t\t\t\t\t\t\t\t\t\t<\/div>\n\t\t\t\t<\/div>\n\t\t\t\t<div class=\"elementor-element elementor-element-44781e6 elementor-widget elementor-widget-text-editor\" data-id=\"44781e6\" data-element_type=\"widget\" data-widget_type=\"text-editor.default\">\n\t\t\t\t<div class=\"elementor-widget-container\">\n\t\t\t\t\t\t\t\t\t<p>The Southern Regional Water Authority (ARA SUL,IP), carries out activities related to water allocation and flood and drought risk management.<\/p><p>As part of the partnership, ARA Sul is developing groundwater monitoring models, improving the management and operation of dike systems, and running licensing and enforcement campaigns for water users and wastewater discharges.<\/p>\t\t\t\t\t\t\t\t<\/div>\n\t\t\t\t<\/div>\n\t\t<div class=\"elementor-element elementor-element-1332044 e-con-full e-flex e-con e-child\" data-id=\"1332044\" data-element_type=\"container\">\n\t\t\t\t<div class=\"elementor-element elementor-element-518da20 elementor-widget elementor-widget-text-editor\" data-id=\"518da20\" data-element_type=\"widget\" data-widget_type=\"text-editor.default\">\n\t\t\t\t<div class=\"elementor-widget-container\">\n\t\t\t\t\t\t\t\t\t<p><\/p>\t\t\t\t\t\t\t\t<\/div>\n\t\t\t\t<\/div>\n\t\t\t\t<div class=\"elementor-element elementor-element-73a6046 elementor-widget elementor-widget-text-editor\" data-id=\"73a6046\" data-element_type=\"widget\" data-widget_type=\"text-editor.default\">\n\t\t\t\t<div class=\"elementor-widget-container\">\n\t\t\t\t\t\t\t\t\t<p><a href=\"http:\/\/www.ara-sul.gov.mz\/\">www.ara-sul.gov.mz<\/a><\/p>\t\t\t\t\t\t\t\t<\/div>\n\t\t\t\t<\/div>\n\t\t\t\t<\/div>\n\t\t\t\t<\/div>\n\t\t<div class=\"elementor-element elementor-element-78317e8 e-con-full e-flex e-con e-child\" data-id=\"78317e8\" data-element_type=\"container\">\n\t\t\t\t<div class=\"elementor-element elementor-element-bf61c7f elementor-widget elementor-widget-image\" data-id=\"bf61c7f\" data-element_type=\"widget\" data-widget_type=\"image.default\">\n\t\t\t\t<div class=\"elementor-widget-container\">\n\t\t\t\t\t\t\t\t\t\t\t\t\t\t\t<img decoding=\"async\" width=\"1048\" height=\"384\" src=\"https:\/\/bluedeal.co.mz\/wp-content\/uploads\/2023\/05\/ARA-CentroIP.png\" class=\"attachment-full size-full wp-image-567\" alt=\"\" srcset=\"https:\/\/bluedeal.co.mz\/wp-content\/uploads\/2023\/05\/ARA-CentroIP.png 1048w, https:\/\/bluedeal.co.mz\/wp-content\/uploads\/2023\/05\/ARA-CentroIP-300x110.png 300w, https:\/\/bluedeal.co.mz\/wp-content\/uploads\/2023\/05\/ARA-CentroIP-1024x375.png 1024w, https:\/\/bluedeal.co.mz\/wp-content\/uploads\/2023\/05\/ARA-CentroIP-768x281.png 768w\" sizes=\"(max-width: 1048px) 100vw, 1048px\" \/>\t\t\t\t\t\t\t\t\t\t\t\t\t\t\t<\/div>\n\t\t\t\t<\/div>\n\t\t\t\t<div class=\"elementor-element elementor-element-61e446e elementor-widget elementor-widget-text-editor\" data-id=\"61e446e\" data-element_type=\"widget\" data-widget_type=\"text-editor.default\">\n\t\t\t\t<div class=\"elementor-widget-container\">\n\t\t\t\t\t\t\t\t\t<p>The Central Regional Water Authority (ARA Centro,IP) carries out activities related to water availability by developing nature-based solutions for storing water.<\/p><p>The partnership also aims to improve water quality through training, certification of a water quality laboratory and licensing and enforcement. of wastewater discharge.<\/p>\t\t\t\t\t\t\t\t<\/div>\n\t\t\t\t<\/div>\n\t\t<div class=\"elementor-element elementor-element-b53cc7a e-con-full e-flex e-con e-child\" data-id=\"b53cc7a\" data-element_type=\"container\">\n\t\t\t\t<div class=\"elementor-element elementor-element-eca9c31 elementor-widget elementor-widget-text-editor\" data-id=\"eca9c31\" data-element_type=\"widget\" data-widget_type=\"text-editor.default\">\n\t\t\t\t<div class=\"elementor-widget-container\">\n\t\t\t\t\t\t\t\t\t<p><\/p>\t\t\t\t\t\t\t\t<\/div>\n\t\t\t\t<\/div>\n\t\t\t\t<div class=\"elementor-element elementor-element-e940236 elementor-widget elementor-widget-text-editor\" data-id=\"e940236\" data-element_type=\"widget\" data-widget_type=\"text-editor.default\">\n\t\t\t\t<div class=\"elementor-widget-container\">\n\t\t\t\t\t\t\t\t\t<p><a href=\"http:\/\/www.aracentroip.gov.mz\">www.aracentroip.gov.mz<\/a><\/p>\t\t\t\t\t\t\t\t<\/div>\n\t\t\t\t<\/div>\n\t\t\t\t<\/div>\n\t\t\t\t<\/div>\n\t\t\t\t<\/div>\n\t\t<div class=\"elementor-element elementor-element-3a08deb e-con-full e-flex e-con e-parent\" data-id=\"3a08deb\" data-element_type=\"container\" data-settings=\"{&quot;background_background&quot;:&quot;classic&quot;}\">\n\t\t<div class=\"elementor-element elementor-element-0f04621 e-con-full e-flex e-con e-child\" data-id=\"0f04621\" data-element_type=\"container\">\n\t\t\t\t<div class=\"elementor-element elementor-element-137dacb elementor-widget elementor-widget-image\" data-id=\"137dacb\" data-element_type=\"widget\" data-widget_type=\"image.default\">\n\t\t\t\t<div class=\"elementor-widget-container\">\n\t\t\t\t\t\t\t\t\t\t\t\t\t\t\t<img decoding=\"async\" width=\"369\" height=\"136\" src=\"https:\/\/bluedeal.co.mz\/wp-content\/uploads\/2023\/08\/ARA-NORTE-IP-LOGOTIPO-2.png\" class=\"attachment-full size-full wp-image-2818\" alt=\"\" srcset=\"https:\/\/bluedeal.co.mz\/wp-content\/uploads\/2023\/08\/ARA-NORTE-IP-LOGOTIPO-2.png 369w, https:\/\/bluedeal.co.mz\/wp-content\/uploads\/2023\/08\/ARA-NORTE-IP-LOGOTIPO-2-300x111.png 300w\" sizes=\"(max-width: 369px) 100vw, 369px\" \/>\t\t\t\t\t\t\t\t\t\t\t\t\t\t\t<\/div>\n\t\t\t\t<\/div>\n\t\t\t\t<div class=\"elementor-element elementor-element-8394fa9 elementor-widget elementor-widget-text-editor\" data-id=\"8394fa9\" data-element_type=\"widget\" data-widget_type=\"text-editor.default\">\n\t\t\t\t<div class=\"elementor-widget-container\">\n\t\t\t\t\t\t\t\t\t<p>The Northern Regional Water Authority (ARA Norte, IP) leads activities to improve the planning and management control of ARAs by developing strategic and operational plans, introducing analytical accounting and developing management indicators.<\/p><p>The activities carried out by this partner are aimed at ensuring its financial sustainability in the long term.<\/p>\t\t\t\t\t\t\t\t<\/div>\n\t\t\t\t<\/div>\n\t\t<div class=\"elementor-element elementor-element-a819c3a e-con-full e-flex e-con e-child\" data-id=\"a819c3a\" data-element_type=\"container\">\n\t\t\t\t<div class=\"elementor-element elementor-element-fdd07fa elementor-widget elementor-widget-text-editor\" data-id=\"fdd07fa\" data-element_type=\"widget\" data-widget_type=\"text-editor.default\">\n\t\t\t\t<div class=\"elementor-widget-container\">\n\t\t\t\t\t\t\t\t\t<p><\/p>\t\t\t\t\t\t\t\t<\/div>\n\t\t\t\t<\/div>\n\t\t\t\t<div class=\"elementor-element elementor-element-4859663 elementor-widget elementor-widget-text-editor\" data-id=\"4859663\" data-element_type=\"widget\" data-widget_type=\"text-editor.default\">\n\t\t\t\t<div class=\"elementor-widget-container\">\n\t\t\t\t\t\t\t\t\t<p><a href=\"http:\/\/www.aranorte.gov.mz\">www.aranorte.gov.mz<\/a><\/p>\t\t\t\t\t\t\t\t<\/div>\n\t\t\t\t<\/div>\n\t\t\t\t<\/div>\n\t\t\t\t<\/div>\n\t\t<div class=\"elementor-element elementor-element-989adc5 e-con-full e-flex e-con e-child\" data-id=\"989adc5\" data-element_type=\"container\">\n\t\t\t\t<div class=\"elementor-element elementor-element-23702fe elementor-widget elementor-widget-image\" data-id=\"23702fe\" data-element_type=\"widget\" data-widget_type=\"image.default\">\n\t\t\t\t<div class=\"elementor-widget-container\">\n\t\t\t\t\t\t\t\t\t\t\t\t\t\t\t<img loading=\"lazy\" decoding=\"async\" width=\"1000\" height=\"366\" src=\"https:\/\/bluedeal.co.mz\/wp-content\/uploads\/2023\/05\/DNGRH.png\" class=\"attachment-full size-full wp-image-597\" alt=\"\" srcset=\"https:\/\/bluedeal.co.mz\/wp-content\/uploads\/2023\/05\/DNGRH.png 1000w, https:\/\/bluedeal.co.mz\/wp-content\/uploads\/2023\/05\/DNGRH-300x110.png 300w, https:\/\/bluedeal.co.mz\/wp-content\/uploads\/2023\/05\/DNGRH-768x281.png 768w\" sizes=\"(max-width: 1000px) 100vw, 1000px\" \/>\t\t\t\t\t\t\t\t\t\t\t\t\t\t\t<\/div>\n\t\t\t\t<\/div>\n\t\t\t\t<div class=\"elementor-element elementor-element-11d6595 elementor-widget elementor-widget-text-editor\" data-id=\"11d6595\" data-element_type=\"widget\" data-widget_type=\"text-editor.default\">\n\t\t\t\t<div class=\"elementor-widget-container\">\n\t\t\t\t\t\t\t\t\t<p>The National Directorate of Water Resources Management (DNGRH) is the strategic partner for coordinating and implementing the Blue Deal programme in Mozambique.<\/p><p>The organisation is helping to define the strategies needed to improve integrated water resources management in Mozambique, together with the ARAs and the Dutch Water Authorities.<\/p>\t\t\t\t\t\t\t\t<\/div>\n\t\t\t\t<\/div>\n\t\t<div class=\"elementor-element elementor-element-b4cf970 e-con-full e-flex e-con e-child\" data-id=\"b4cf970\" data-element_type=\"container\">\n\t\t\t\t<div class=\"elementor-element elementor-element-7d915fb elementor-widget elementor-widget-text-editor\" data-id=\"7d915fb\" data-element_type=\"widget\" data-widget_type=\"text-editor.default\">\n\t\t\t\t<div class=\"elementor-widget-container\">\n\t\t\t\t\t\t\t\t\t<p><\/p>\t\t\t\t\t\t\t\t<\/div>\n\t\t\t\t<\/div>\n\t\t\t\t<div class=\"elementor-element elementor-element-5ad7bf2 elementor-widget elementor-widget-text-editor\" data-id=\"5ad7bf2\" data-element_type=\"widget\" data-widget_type=\"text-editor.default\">\n\t\t\t\t<div class=\"elementor-widget-container\">\n\t\t\t\t\t\t\t\t\t<p><a href=\"http:\/\/www.dngrh.gov.mz\">www.dngrh.gov.mz<\/a><\/p>\t\t\t\t\t\t\t\t<\/div>\n\t\t\t\t<\/div>\n\t\t\t\t<\/div>\n\t\t\t\t<\/div>\n\t\t\t\t<\/div>\n\t\t<div class=\"elementor-element elementor-element-8661447 e-con-full e-flex e-con e-parent\" data-id=\"8661447\" data-element_type=\"container\" data-settings=\"{&quot;background_background&quot;:&quot;classic&quot;}\">\n\t\t<div class=\"elementor-element elementor-element-fcb31a2 e-con-full e-flex e-con e-child\" data-id=\"fcb31a2\" data-element_type=\"container\" data-settings=\"{&quot;background_background&quot;:&quot;classic&quot;}\">\n\t\t\t\t<\/div>\n\t\t<div class=\"elementor-element elementor-element-2af36a7 e-con-full e-flex e-con e-child\" data-id=\"2af36a7\" data-element_type=\"container\">\n\t\t\t\t<div class=\"elementor-element elementor-element-878f268 elementor-widget elementor-widget-image\" data-id=\"878f268\" data-element_type=\"widget\" data-widget_type=\"image.default\">\n\t\t\t\t<div class=\"elementor-widget-container\">\n\t\t\t\t\t\t\t\t\t\t\t\t\t\t\t<img loading=\"lazy\" decoding=\"async\" width=\"464\" height=\"170\" src=\"https:\/\/bluedeal.co.mz\/wp-content\/uploads\/2023\/08\/SASB-logo-transparent.png\" class=\"attachment-full size-full wp-image-2753\" alt=\"\" srcset=\"https:\/\/bluedeal.co.mz\/wp-content\/uploads\/2023\/08\/SASB-logo-transparent.png 464w, https:\/\/bluedeal.co.mz\/wp-content\/uploads\/2023\/08\/SASB-logo-transparent-300x110.png 300w\" sizes=\"(max-width: 464px) 100vw, 464px\" \/>\t\t\t\t\t\t\t\t\t\t\t\t\t\t\t<\/div>\n\t\t\t\t<\/div>\n\t\t\t\t<div class=\"elementor-element elementor-element-1b11b36 elementor-widget elementor-widget-text-editor\" data-id=\"1b11b36\" data-element_type=\"widget\" data-widget_type=\"text-editor.default\">\n\t\t\t\t<div class=\"elementor-widget-container\">\n\t\t\t\t\t\t\t\t\t<p>The Beira Autonomous Sanitation Unit (SASB) supports the Municipality of Beira in managing the city's drainage and sanitation system. The Blue Deal partnership shares best practices in the management and operation of the drainage system.<\/p><p>Working with other organisations and programmes, our partnership aims to strengthen this organisation to better respond to the growing challenges of climate change.\u00a0<\/p>\t\t\t\t\t\t\t\t<\/div>\n\t\t\t\t<\/div>\n\t\t\t\t<\/div>\n\t\t\t\t<\/div>\n\t\t\t\t<\/div>","protected":false},"excerpt":{"rendered":"<p>Parceiros Os parceiros regionais s\u00e3o a chave do nosso trabalho. Na parceria Blue Deal Mo\u00e7ambique, contamos com o apoio de institui\u00e7\u00f5es ligadas \u00e0 gest\u00e3o de recursos h\u00eddricos e, em nossas ac\u00e7\u00f5es transversais, envolvemos uma institui\u00e7\u00e3o ligada ao saneamento e drenagem na Cidade da Beira. Juntos, estes parceiros realizam ac\u00e7\u00f5es que tornam poss\u00edvel conceder o acesso &hellip;<\/p>\n<p class=\"read-more\"> <a class=\"\" href=\"https:\/\/bluedeal.co.mz\/en\/sobre\/parceiros\/\"> <span class=\"screen-reader-text\">Our Partners<\/span> Read More &raquo;<\/a><\/p>","protected":false},"author":1,"featured_media":0,"parent":37,"menu_order":0,"comment_status":"closed","ping_status":"closed","template":"","meta":{"_acf_changed":false,"_eb_attr":"","site-sidebar-layout":"no-sidebar","site-content-layout":"page-builder","ast-site-content-layout":"full-width-container","site-content-style":"unboxed","site-sidebar-style":"unboxed","ast-global-header-display":"","ast-banner-title-visibility":"","ast-main-header-display":"","ast-hfb-above-header-display":"","ast-hfb-below-header-display":"","ast-hfb-mobile-header-display":"","site-post-title":"disabled","ast-breadcrumbs-content":"","ast-featured-img":"disabled","footer-sml-layout":"","theme-transparent-header-meta":"","adv-header-id-meta":"","stick-header-meta":"","header-above-stick-meta":"","header-main-stick-meta":"","header-below-stick-meta":"","astra-migrate-meta-layouts":"set","footnotes":""},"class_list":["post-40","page","type-page","status-publish","hentry"],"acf":[],"yoast_head":"<!-- This site is optimized with the Yoast SEO plugin v26.6 - https:\/\/yoast.com\/wordpress\/plugins\/seo\/ -->\n<title>Parceiros - Blue Deal Parceria Mo\u00e7ambique<\/title>\n<meta name=\"robots\" content=\"index, follow, max-snippet:-1, max-image-preview:large, max-video-preview:-1\" \/>\n<link rel=\"canonical\" href=\"https:\/\/bluedeal.co.mz\/en\/sobre\/parceiros\/\" \/>\n<meta property=\"og:locale\" content=\"en_GB\" \/>\n<meta property=\"og:type\" content=\"article\" \/>\n<meta property=\"og:title\" content=\"Parceiros - Blue Deal Parceria Mo\u00e7ambique\" \/>\n<meta property=\"og:description\" content=\"Parceiros Os parceiros regionais s\u00e3o a chave do nosso trabalho. Na parceria Blue Deal Mo\u00e7ambique, contamos com o apoio de institui\u00e7\u00f5es ligadas \u00e0 gest\u00e3o de recursos h\u00eddricos e, em nossas ac\u00e7\u00f5es transversais, envolvemos uma institui\u00e7\u00e3o ligada ao saneamento e drenagem na Cidade da Beira. Juntos, estes parceiros realizam ac\u00e7\u00f5es que tornam poss\u00edvel conceder o acesso &hellip; Parceiros Read More &raquo;\" \/>\n<meta property=\"og:url\" content=\"https:\/\/bluedeal.co.mz\/en\/sobre\/parceiros\/\" \/>\n<meta property=\"og:site_name\" content=\"Blue Deal Parceria Mo\u00e7ambique\" \/>\n<meta property=\"article:modified_time\" content=\"2024-07-14T16:59:45+00:00\" \/>\n<meta property=\"og:image\" content=\"https:\/\/bluedeal.co.mz\/wp-content\/uploads\/2023\/08\/ARA-Sul-logo-Transparent.png\" \/>\n<meta name=\"twitter:card\" content=\"summary_large_image\" \/>\n<meta name=\"twitter:label1\" content=\"Estimated reading time\" \/>\n\t<meta name=\"twitter:data1\" content=\"3 minutes\" \/>\n<script type=\"application\/ld+json\" class=\"yoast-schema-graph\">{\"@context\":\"https:\/\/schema.org\",\"@graph\":[{\"@type\":\"WebPage\",\"@id\":\"https:\/\/bluedeal.co.mz\/sobre\/parceiros\/\",\"url\":\"https:\/\/bluedeal.co.mz\/sobre\/parceiros\/\",\"name\":\"Parceiros - Blue Deal Parceria Mo\u00e7ambique\",\"isPartOf\":{\"@id\":\"https:\/\/bluedeal.co.mz\/#website\"},\"primaryImageOfPage\":{\"@id\":\"https:\/\/bluedeal.co.mz\/sobre\/parceiros\/#primaryimage\"},\"image\":{\"@id\":\"https:\/\/bluedeal.co.mz\/sobre\/parceiros\/#primaryimage\"},\"thumbnailUrl\":\"https:\/\/bluedeal.co.mz\/wp-content\/uploads\/2023\/08\/ARA-Sul-logo-Transparent.png\",\"datePublished\":\"2023-05-03T08:49:29+00:00\",\"dateModified\":\"2024-07-14T16:59:45+00:00\",\"breadcrumb\":{\"@id\":\"https:\/\/bluedeal.co.mz\/sobre\/parceiros\/#breadcrumb\"},\"inLanguage\":\"en-GB\",\"potentialAction\":[{\"@type\":\"ReadAction\",\"target\":[\"https:\/\/bluedeal.co.mz\/sobre\/parceiros\/\"]}]},{\"@type\":\"ImageObject\",\"inLanguage\":\"en-GB\",\"@id\":\"https:\/\/bluedeal.co.mz\/sobre\/parceiros\/#primaryimage\",\"url\":\"https:\/\/bluedeal.co.mz\/wp-content\/uploads\/2023\/08\/ARA-Sul-logo-Transparent.png\",\"contentUrl\":\"https:\/\/bluedeal.co.mz\/wp-content\/uploads\/2023\/08\/ARA-Sul-logo-Transparent.png\"},{\"@type\":\"BreadcrumbList\",\"@id\":\"https:\/\/bluedeal.co.mz\/sobre\/parceiros\/#breadcrumb\",\"itemListElement\":[{\"@type\":\"ListItem\",\"position\":1,\"name\":\"Home\",\"item\":\"https:\/\/bluedeal.co.mz\/\"},{\"@type\":\"ListItem\",\"position\":2,\"name\":\"Sobre\",\"item\":\"https:\/\/bluedeal.co.mz\/sobre\/\"},{\"@type\":\"ListItem\",\"position\":3,\"name\":\"Parceiros\"}]},{\"@type\":\"WebSite\",\"@id\":\"https:\/\/bluedeal.co.mz\/#website\",\"url\":\"https:\/\/bluedeal.co.mz\/\",\"name\":\"Blue Deal Parceria Mo\u00e7ambique\",\"description\":\"Coopera\u00e7\u00e3o entre as Autoridades de Agua em Mo\u00e7ambique e da Holanda.\",\"publisher\":{\"@id\":\"https:\/\/bluedeal.co.mz\/#organization\"},\"potentialAction\":[{\"@type\":\"SearchAction\",\"target\":{\"@type\":\"EntryPoint\",\"urlTemplate\":\"https:\/\/bluedeal.co.mz\/?s={search_term_string}\"},\"query-input\":{\"@type\":\"PropertyValueSpecification\",\"valueRequired\":true,\"valueName\":\"search_term_string\"}}],\"inLanguage\":\"en-GB\"},{\"@type\":\"Organization\",\"@id\":\"https:\/\/bluedeal.co.mz\/#organization\",\"name\":\"Blue Deal Parceria Mo\u00e7ambique\",\"url\":\"https:\/\/bluedeal.co.mz\/\",\"logo\":{\"@type\":\"ImageObject\",\"inLanguage\":\"en-GB\",\"@id\":\"https:\/\/bluedeal.co.mz\/#\/schema\/logo\/image\/\",\"url\":\"https:\/\/bluedeal.co.mz\/wp-content\/uploads\/2023\/05\/blue-deal-logo.png\",\"contentUrl\":\"https:\/\/bluedeal.co.mz\/wp-content\/uploads\/2023\/05\/blue-deal-logo.png\",\"width\":65,\"height\":51,\"caption\":\"Blue Deal Parceria Mo\u00e7ambique\"},\"image\":{\"@id\":\"https:\/\/bluedeal.co.mz\/#\/schema\/logo\/image\/\"}}]}<\/script>\n<!-- \/ Yoast SEO plugin. -->","yoast_head_json":{"title":"Parceiros - Blue Deal Parceria Mo\u00e7ambique","robots":{"index":"index","follow":"follow","max-snippet":"max-snippet:-1","max-image-preview":"max-image-preview:large","max-video-preview":"max-video-preview:-1"},"canonical":"https:\/\/bluedeal.co.mz\/en\/sobre\/parceiros\/","og_locale":"en_GB","og_type":"article","og_title":"Parceiros - Blue Deal Parceria Mo\u00e7ambique","og_description":"Parceiros Os parceiros regionais s\u00e3o a chave do nosso trabalho. Na parceria Blue Deal Mo\u00e7ambique, contamos com o apoio de institui\u00e7\u00f5es ligadas \u00e0 gest\u00e3o de recursos h\u00eddricos e, em nossas ac\u00e7\u00f5es transversais, envolvemos uma institui\u00e7\u00e3o ligada ao saneamento e drenagem na Cidade da Beira. Juntos, estes parceiros realizam ac\u00e7\u00f5es que tornam poss\u00edvel conceder o acesso &hellip; Parceiros Read More &raquo;","og_url":"https:\/\/bluedeal.co.mz\/en\/sobre\/parceiros\/","og_site_name":"Blue Deal Parceria Mo\u00e7ambique","article_modified_time":"2024-07-14T16:59:45+00:00","og_image":[{"url":"https:\/\/bluedeal.co.mz\/wp-content\/uploads\/2023\/08\/ARA-Sul-logo-Transparent.png","type":"","width":"","height":""}],"twitter_card":"summary_large_image","twitter_misc":{"Estimated reading time":"3 minutes"},"schema":{"@context":"https:\/\/schema.org","@graph":[{"@type":"WebPage","@id":"https:\/\/bluedeal.co.mz\/sobre\/parceiros\/","url":"https:\/\/bluedeal.co.mz\/sobre\/parceiros\/","name":"Parceiros - Blue Deal Parceria Mo\u00e7ambique","isPartOf":{"@id":"https:\/\/bluedeal.co.mz\/#website"},"primaryImageOfPage":{"@id":"https:\/\/bluedeal.co.mz\/sobre\/parceiros\/#primaryimage"},"image":{"@id":"https:\/\/bluedeal.co.mz\/sobre\/parceiros\/#primaryimage"},"thumbnailUrl":"https:\/\/bluedeal.co.mz\/wp-content\/uploads\/2023\/08\/ARA-Sul-logo-Transparent.png","datePublished":"2023-05-03T08:49:29+00:00","dateModified":"2024-07-14T16:59:45+00:00","breadcrumb":{"@id":"https:\/\/bluedeal.co.mz\/sobre\/parceiros\/#breadcrumb"},"inLanguage":"en-GB","potentialAction":[{"@type":"ReadAction","target":["https:\/\/bluedeal.co.mz\/sobre\/parceiros\/"]}]},{"@type":"ImageObject","inLanguage":"en-GB","@id":"https:\/\/bluedeal.co.mz\/sobre\/parceiros\/#primaryimage","url":"https:\/\/bluedeal.co.mz\/wp-content\/uploads\/2023\/08\/ARA-Sul-logo-Transparent.png","contentUrl":"https:\/\/bluedeal.co.mz\/wp-content\/uploads\/2023\/08\/ARA-Sul-logo-Transparent.png"},{"@type":"BreadcrumbList","@id":"https:\/\/bluedeal.co.mz\/sobre\/parceiros\/#breadcrumb","itemListElement":[{"@type":"ListItem","position":1,"name":"Home","item":"https:\/\/bluedeal.co.mz\/"},{"@type":"ListItem","position":2,"name":"Sobre","item":"https:\/\/bluedeal.co.mz\/sobre\/"},{"@type":"ListItem","position":3,"name":"Parceiros"}]},{"@type":"WebSite","@id":"https:\/\/bluedeal.co.mz\/#website","url":"https:\/\/bluedeal.co.mz\/","name":"Blue Deal Parceria Mo\u00e7ambique","description":"Coopera\u00e7\u00e3o entre as Autoridades de Agua em Mo\u00e7ambique e da Holanda.","publisher":{"@id":"https:\/\/bluedeal.co.mz\/#organization"},"potentialAction":[{"@type":"SearchAction","target":{"@type":"EntryPoint","urlTemplate":"https:\/\/bluedeal.co.mz\/?s={search_term_string}"},"query-input":{"@type":"PropertyValueSpecification","valueRequired":true,"valueName":"search_term_string"}}],"inLanguage":"en-GB"},{"@type":"Organization","@id":"https:\/\/bluedeal.co.mz\/#organization","name":"Blue Deal Parceria Mo\u00e7ambique","url":"https:\/\/bluedeal.co.mz\/","logo":{"@type":"ImageObject","inLanguage":"en-GB","@id":"https:\/\/bluedeal.co.mz\/#\/schema\/logo\/image\/","url":"https:\/\/bluedeal.co.mz\/wp-content\/uploads\/2023\/05\/blue-deal-logo.png","contentUrl":"https:\/\/bluedeal.co.mz\/wp-content\/uploads\/2023\/05\/blue-deal-logo.png","width":65,"height":51,"caption":"Blue Deal Parceria Mo\u00e7ambique"},"image":{"@id":"https:\/\/bluedeal.co.mz\/#\/schema\/logo\/image\/"}}]}},"_links":{"self":[{"href":"https:\/\/bluedeal.co.mz\/en\/wp-json\/wp\/v2\/pages\/40","targetHints":{"allow":["GET"]}}],"collection":[{"href":"https:\/\/bluedeal.co.mz\/en\/wp-json\/wp\/v2\/pages"}],"about":[{"href":"https:\/\/bluedeal.co.mz\/en\/wp-json\/wp\/v2\/types\/page"}],"author":[{"embeddable":true,"href":"https:\/\/bluedeal.co.mz\/en\/wp-json\/wp\/v2\/users\/1"}],"replies":[{"embeddable":true,"href":"https:\/\/bluedeal.co.mz\/en\/wp-json\/wp\/v2\/comments?post=40"}],"version-history":[{"count":431,"href":"https:\/\/bluedeal.co.mz\/en\/wp-json\/wp\/v2\/pages\/40\/revisions"}],"predecessor-version":[{"id":6096,"href":"https:\/\/bluedeal.co.mz\/en\/wp-json\/wp\/v2\/pages\/40\/revisions\/6096"}],"up":[{"embeddable":true,"href":"https:\/\/bluedeal.co.mz\/en\/wp-json\/wp\/v2\/pages\/37"}],"wp:attachment":[{"href":"https:\/\/bluedeal.co.mz\/en\/wp-json\/wp\/v2\/media?parent=40"}],"curies":[{"name":"wp","href":"https:\/\/api.w.org\/{rel}","templated":true}]}}