{"id":1377,"date":"2023-06-27T13:07:14","date_gmt":"2023-06-27T13:07:14","guid":{"rendered":"https:\/\/bluedeal.co.mz\/?page_id=1377"},"modified":"2024-07-18T15:05:56","modified_gmt":"2024-07-18T15:05:56","slug":"publicacoes-e-downloads","status":"publish","type":"page","link":"https:\/\/bluedeal.co.mz\/en\/publicacoes-e-downloads\/","title":{"rendered":"Publications and Downloads"},"content":{"rendered":"<div data-elementor-type=\"wp-page\" data-elementor-id=\"1377\" class=\"elementor elementor-1377\">\n\t\t\t\t<div class=\"elementor-element elementor-element-c70e96f e-con-full e-flex e-con e-parent\" data-id=\"c70e96f\" data-element_type=\"container\" data-settings=\"{&quot;background_background&quot;:&quot;gradient&quot;}\">\n\t\t\t\t<div class=\"elementor-element elementor-element-972263b elementor-widget elementor-widget-heading\" data-id=\"972263b\" data-element_type=\"widget\" data-widget_type=\"heading.default\">\n\t\t\t\t<div class=\"elementor-widget-container\">\n\t\t\t\t\t<h1 class=\"elementor-heading-title elementor-size-default\">Publications and Downloads<\/h1>\t\t\t\t<\/div>\n\t\t\t\t<\/div>\n\t\t\t\t<div class=\"elementor-element elementor-element-3e60810 elementor-widget__width-initial elementor-widget elementor-widget-text-editor\" data-id=\"3e60810\" data-element_type=\"widget\" data-widget_type=\"text-editor.default\">\n\t\t\t\t<div class=\"elementor-widget-container\">\n\t\t\t\t\t\t\t\t\t<p>Explore our library of documents and publications on the progress of the partnership and water management in Mozambique. Find out how our activities are contributing to positive changes in access to water.<\/p>\t\t\t\t\t\t\t\t<\/div>\n\t\t\t\t<\/div>\n\t\t\t\t<\/div>\n\t\t<div class=\"elementor-element elementor-element-6116c13 e-con-full e-flex e-con e-parent\" data-id=\"6116c13\" data-element_type=\"container\">\n\t\t<a class=\"eael-wrapper-link-76380b7 --eael-wrapper-link-tag\" href=\"https:\/\/bluedeal.co.mz\/wp-content\/uploads\/2023\/06\/Brochure-Blue-Deal-English.pdf\" target=\"_blank\"><\/a><div data-eael-wrapper-link=\"eael-wrapper-link-76380b7\" class=\"elementor-element elementor-element-76380b7 e-con-full e-flex e-con e-child\" data-id=\"76380b7\" data-element_type=\"container\">\n\t\t\t\t<div class=\"elementor-element elementor-element-7c8854f elementor-widget elementor-widget-image\" data-id=\"7c8854f\" data-element_type=\"widget\" data-widget_type=\"image.default\">\n\t\t\t\t<div class=\"elementor-widget-container\">\n\t\t\t\t\t\t\t\t\t\t\t\t\t\t\t<img fetchpriority=\"high\" decoding=\"async\" width=\"1539\" height=\"2155\" src=\"https:\/\/bluedeal.co.mz\/wp-content\/uploads\/2023\/06\/Brochure-Blue-Deal-English-e1710750058115.jpg\" class=\"attachment-full size-full wp-image-1359\" alt=\"\" srcset=\"https:\/\/bluedeal.co.mz\/wp-content\/uploads\/2023\/06\/Brochure-Blue-Deal-English-e1710750058115.jpg 1539w, https:\/\/bluedeal.co.mz\/wp-content\/uploads\/2023\/06\/Brochure-Blue-Deal-English-e1710750058115-214x300.jpg 214w, https:\/\/bluedeal.co.mz\/wp-content\/uploads\/2023\/06\/Brochure-Blue-Deal-English-e1710750058115-731x1024.jpg 731w, https:\/\/bluedeal.co.mz\/wp-content\/uploads\/2023\/06\/Brochure-Blue-Deal-English-e1710750058115-768x1075.jpg 768w, https:\/\/bluedeal.co.mz\/wp-content\/uploads\/2023\/06\/Brochure-Blue-Deal-English-e1710750058115-1097x1536.jpg 1097w, https:\/\/bluedeal.co.mz\/wp-content\/uploads\/2023\/06\/Brochure-Blue-Deal-English-e1710750058115-1463x2048.jpg 1463w, https:\/\/bluedeal.co.mz\/wp-content\/uploads\/2023\/06\/Brochure-Blue-Deal-English-e1710750058115-9x12.jpg 9w\" sizes=\"(max-width: 1539px) 100vw, 1539px\" \/>\t\t\t\t\t\t\t\t\t\t\t\t\t\t\t<\/div>\n\t\t\t\t<\/div>\n\t\t\t\t<div class=\"elementor-element elementor-element-c6fca79 dark-link elementor-widget elementor-widget-heading\" data-id=\"c6fca79\" data-element_type=\"widget\" data-widget_type=\"heading.default\">\n\t\t\t\t<div class=\"elementor-widget-container\">\n\t\t\t\t\t<h2 class=\"elementor-heading-title elementor-size-default\"><a href=\"https:\/\/bluedeal.co.mz\/wp-content\/uploads\/2023\/06\/Brochure-Blue-Deal-English.pdf\" target=\"_blank\">Blue Deal Mozambique Partnership Brochure (in English)<\/a><\/h2>\t\t\t\t<\/div>\n\t\t\t\t<\/div>\n\t\t\t\t<div class=\"elementor-element elementor-element-24cb0e0 arrow-down-button elementor-widget elementor-widget-button\" data-id=\"24cb0e0\" data-element_type=\"widget\" data-widget_type=\"button.default\">\n\t\t\t\t<div class=\"elementor-widget-container\">\n\t\t\t\t\t\t\t\t\t<div class=\"elementor-button-wrapper\">\n\t\t\t\t\t<a class=\"elementor-button elementor-button-link elementor-size-md\" href=\"https:\/\/bluedeal.co.mz\/wp-content\/uploads\/2023\/06\/Brochure-Blue-Deal-English.pdf\" target=\"_blank\">\n\t\t\t\t\t\t<span class=\"elementor-button-content-wrapper\">\n\t\t\t\t\t\t\t\t\t<span class=\"elementor-button-text\">Download <ion-icon name=\"download-outline\" ><\/ion-icon> <\/span>\n\t\t\t\t\t<\/span>\n\t\t\t\t\t<\/a>\n\t\t\t\t<\/div>\n\t\t\t\t\t\t\t\t<\/div>\n\t\t\t\t<\/div>\n\t\t\t\t<\/div>\n\t\t<a class=\"eael-wrapper-link-14dab0e --eael-wrapper-link-tag\" href=\"https:\/\/bluedeal.co.mz\/wp-content\/uploads\/2023\/06\/Brochure-Blue-Deal-Portuguese.pdf\" target=\"_blank\"><\/a><div data-eael-wrapper-link=\"eael-wrapper-link-14dab0e\" class=\"elementor-element elementor-element-14dab0e e-con-full e-flex e-con e-child\" data-id=\"14dab0e\" data-element_type=\"container\">\n\t\t\t\t<div class=\"elementor-element elementor-element-7f2322f elementor-widget elementor-widget-image\" data-id=\"7f2322f\" data-element_type=\"widget\" data-widget_type=\"image.default\">\n\t\t\t\t<div class=\"elementor-widget-container\">\n\t\t\t\t\t\t\t\t\t\t\t\t\t\t\t<img decoding=\"async\" width=\"1539\" height=\"2155\" src=\"https:\/\/bluedeal.co.mz\/wp-content\/uploads\/2023\/06\/Brochure-Blue-Deal-Portuguese-e1710750022882.jpg\" class=\"attachment-full size-full wp-image-1348\" alt=\"\" srcset=\"https:\/\/bluedeal.co.mz\/wp-content\/uploads\/2023\/06\/Brochure-Blue-Deal-Portuguese-e1710750022882.jpg 1539w, https:\/\/bluedeal.co.mz\/wp-content\/uploads\/2023\/06\/Brochure-Blue-Deal-Portuguese-e1710750022882-214x300.jpg 214w, https:\/\/bluedeal.co.mz\/wp-content\/uploads\/2023\/06\/Brochure-Blue-Deal-Portuguese-e1710750022882-731x1024.jpg 731w, https:\/\/bluedeal.co.mz\/wp-content\/uploads\/2023\/06\/Brochure-Blue-Deal-Portuguese-e1710750022882-768x1075.jpg 768w, https:\/\/bluedeal.co.mz\/wp-content\/uploads\/2023\/06\/Brochure-Blue-Deal-Portuguese-e1710750022882-1097x1536.jpg 1097w, https:\/\/bluedeal.co.mz\/wp-content\/uploads\/2023\/06\/Brochure-Blue-Deal-Portuguese-e1710750022882-1463x2048.jpg 1463w, https:\/\/bluedeal.co.mz\/wp-content\/uploads\/2023\/06\/Brochure-Blue-Deal-Portuguese-e1710750022882-9x12.jpg 9w\" sizes=\"(max-width: 1539px) 100vw, 1539px\" \/>\t\t\t\t\t\t\t\t\t\t\t\t\t\t\t<\/div>\n\t\t\t\t<\/div>\n\t\t\t\t<div class=\"elementor-element elementor-element-b801f7a dark-link elementor-widget elementor-widget-heading\" data-id=\"b801f7a\" data-element_type=\"widget\" data-widget_type=\"heading.default\">\n\t\t\t\t<div class=\"elementor-widget-container\">\n\t\t\t\t\t<h2 class=\"elementor-heading-title elementor-size-default\"><a href=\"https:\/\/bluedeal.co.mz\/wp-content\/uploads\/2023\/06\/Brochure-Blue-Deal-Portuguese.pdf\" target=\"_blank\">Blue Deal Mozambique Partnership Brochure (in Portuguese)<\/a><\/h2>\t\t\t\t<\/div>\n\t\t\t\t<\/div>\n\t\t\t\t<div class=\"elementor-element elementor-element-8f1a371 arrow-down-button elementor-widget elementor-widget-button\" data-id=\"8f1a371\" data-element_type=\"widget\" data-widget_type=\"button.default\">\n\t\t\t\t<div class=\"elementor-widget-container\">\n\t\t\t\t\t\t\t\t\t<div class=\"elementor-button-wrapper\">\n\t\t\t\t\t<a class=\"elementor-button elementor-button-link elementor-size-md\" href=\"https:\/\/bluedeal.co.mz\/wp-content\/uploads\/2023\/06\/Brochure-Blue-Deal-Portuguese.pdf\" target=\"_blank\">\n\t\t\t\t\t\t<span class=\"elementor-button-content-wrapper\">\n\t\t\t\t\t\t\t\t\t<span class=\"elementor-button-text\">Download <ion-icon name=\"download-outline\" ><\/ion-icon> <\/span>\n\t\t\t\t\t<\/span>\n\t\t\t\t\t<\/a>\n\t\t\t\t<\/div>\n\t\t\t\t\t\t\t\t<\/div>\n\t\t\t\t<\/div>\n\t\t\t\t<\/div>\n\t\t\t\t<\/div>\n\t\t\t\t<\/div>","protected":false},"excerpt":{"rendered":"<p>Publica\u00e7\u00f5es e Downloads Explore a nossa biblioteca de documentos e publica\u00e7\u00f5es sobre o progresso da parceria e a gest\u00e3o de recursos h\u00eddricos em Mo\u00e7ambique. Descubra como as nossas ac\u00e7\u00f5es contribuem para a cria\u00e7\u00e3o de mudan\u00e7as positivas no acesso a \u00e1gua. Brochura da Parceria Blue Deal Mo\u00e7ambique (em Ingl\u00eas) Descarregar Brochura da Parceria Blue Deal Mo\u00e7ambique &hellip;<\/p>\n<p class=\"read-more\"> <a class=\"\" href=\"https:\/\/bluedeal.co.mz\/en\/publicacoes-e-downloads\/\"> <span class=\"screen-reader-text\">Publications and Downloads<\/span> Read More &raquo;<\/a><\/p>","protected":false},"author":1,"featured_media":0,"parent":0,"menu_order":0,"comment_status":"closed","ping_status":"closed","template":"","meta":{"_acf_changed":false,"_eb_attr":"","site-sidebar-layout":"no-sidebar","site-content-layout":"page-builder","ast-site-content-layout":"full-width-container","site-content-style":"unboxed","site-sidebar-style":"unboxed","ast-global-header-display":"","ast-banner-title-visibility":"","ast-main-header-display":"","ast-hfb-above-header-display":"","ast-hfb-below-header-display":"","ast-hfb-mobile-header-display":"","site-post-title":"disabled","ast-breadcrumbs-content":"","ast-featured-img":"disabled","footer-sml-layout":"","theme-transparent-header-meta":"","adv-header-id-meta":"","stick-header-meta":"","header-above-stick-meta":"","header-main-stick-meta":"","header-below-stick-meta":"","astra-migrate-meta-layouts":"set","footnotes":""},"class_list":["post-1377","page","type-page","status-publish","hentry"],"acf":[],"yoast_head":"<!-- This site is optimized with the Yoast SEO plugin v26.6 - https:\/\/yoast.com\/wordpress\/plugins\/seo\/ -->\n<title>Publica\u00e7\u00f5es e Downloads - Blue Deal Parceria Mo\u00e7ambique<\/title>\n<meta name=\"robots\" content=\"index, follow, max-snippet:-1, max-image-preview:large, max-video-preview:-1\" \/>\n<link rel=\"canonical\" href=\"https:\/\/bluedeal.co.mz\/en\/publicacoes-e-downloads\/\" \/>\n<meta property=\"og:locale\" content=\"en_GB\" \/>\n<meta property=\"og:type\" content=\"article\" \/>\n<meta property=\"og:title\" content=\"Publica\u00e7\u00f5es e Downloads - Blue Deal Parceria Mo\u00e7ambique\" \/>\n<meta property=\"og:description\" content=\"Publica\u00e7\u00f5es e Downloads Explore a nossa biblioteca de documentos e publica\u00e7\u00f5es sobre o progresso da parceria e a gest\u00e3o de recursos h\u00eddricos em Mo\u00e7ambique. Descubra como as nossas ac\u00e7\u00f5es contribuem para a cria\u00e7\u00e3o de mudan\u00e7as positivas no acesso a \u00e1gua. Brochura da Parceria Blue Deal Mo\u00e7ambique (em Ingl\u00eas) Descarregar Brochura da Parceria Blue Deal Mo\u00e7ambique &hellip; Publica\u00e7\u00f5es e Downloads Read More &raquo;\" \/>\n<meta property=\"og:url\" content=\"https:\/\/bluedeal.co.mz\/en\/publicacoes-e-downloads\/\" \/>\n<meta property=\"og:site_name\" content=\"Blue Deal Parceria Mo\u00e7ambique\" \/>\n<meta property=\"article:modified_time\" content=\"2024-07-18T15:05:56+00:00\" \/>\n<meta property=\"og:image\" content=\"https:\/\/bluedeal.co.mz\/wp-content\/uploads\/2023\/06\/Brochure-Blue-Deal-English-e1710750058115.jpg\" \/>\n<meta name=\"twitter:card\" content=\"summary_large_image\" \/>\n<meta name=\"twitter:label1\" content=\"Estimated reading time\" \/>\n\t<meta name=\"twitter:data1\" content=\"1 minute\" \/>\n<script type=\"application\/ld+json\" class=\"yoast-schema-graph\">{\"@context\":\"https:\/\/schema.org\",\"@graph\":[{\"@type\":\"WebPage\",\"@id\":\"https:\/\/bluedeal.co.mz\/publicacoes-e-downloads\/\",\"url\":\"https:\/\/bluedeal.co.mz\/publicacoes-e-downloads\/\",\"name\":\"Publica\u00e7\u00f5es e Downloads - Blue Deal Parceria Mo\u00e7ambique\",\"isPartOf\":{\"@id\":\"https:\/\/bluedeal.co.mz\/#website\"},\"primaryImageOfPage\":{\"@id\":\"https:\/\/bluedeal.co.mz\/publicacoes-e-downloads\/#primaryimage\"},\"image\":{\"@id\":\"https:\/\/bluedeal.co.mz\/publicacoes-e-downloads\/#primaryimage\"},\"thumbnailUrl\":\"https:\/\/bluedeal.co.mz\/wp-content\/uploads\/2023\/06\/Brochure-Blue-Deal-English-e1710750058115.jpg\",\"datePublished\":\"2023-06-27T13:07:14+00:00\",\"dateModified\":\"2024-07-18T15:05:56+00:00\",\"breadcrumb\":{\"@id\":\"https:\/\/bluedeal.co.mz\/publicacoes-e-downloads\/#breadcrumb\"},\"inLanguage\":\"en-GB\",\"potentialAction\":[{\"@type\":\"ReadAction\",\"target\":[\"https:\/\/bluedeal.co.mz\/publicacoes-e-downloads\/\"]}]},{\"@type\":\"ImageObject\",\"inLanguage\":\"en-GB\",\"@id\":\"https:\/\/bluedeal.co.mz\/publicacoes-e-downloads\/#primaryimage\",\"url\":\"https:\/\/bluedeal.co.mz\/wp-content\/uploads\/2023\/06\/Brochure-Blue-Deal-English-e1710750058115.jpg\",\"contentUrl\":\"https:\/\/bluedeal.co.mz\/wp-content\/uploads\/2023\/06\/Brochure-Blue-Deal-English-e1710750058115.jpg\"},{\"@type\":\"BreadcrumbList\",\"@id\":\"https:\/\/bluedeal.co.mz\/publicacoes-e-downloads\/#breadcrumb\",\"itemListElement\":[{\"@type\":\"ListItem\",\"position\":1,\"name\":\"Home\",\"item\":\"https:\/\/bluedeal.co.mz\/\"},{\"@type\":\"ListItem\",\"position\":2,\"name\":\"Publica\u00e7\u00f5es e Downloads\"}]},{\"@type\":\"WebSite\",\"@id\":\"https:\/\/bluedeal.co.mz\/#website\",\"url\":\"https:\/\/bluedeal.co.mz\/\",\"name\":\"Blue Deal Parceria Mo\u00e7ambique\",\"description\":\"Coopera\u00e7\u00e3o entre as Autoridades de Agua em Mo\u00e7ambique e da Holanda.\",\"publisher\":{\"@id\":\"https:\/\/bluedeal.co.mz\/#organization\"},\"potentialAction\":[{\"@type\":\"SearchAction\",\"target\":{\"@type\":\"EntryPoint\",\"urlTemplate\":\"https:\/\/bluedeal.co.mz\/?s={search_term_string}\"},\"query-input\":{\"@type\":\"PropertyValueSpecification\",\"valueRequired\":true,\"valueName\":\"search_term_string\"}}],\"inLanguage\":\"en-GB\"},{\"@type\":\"Organization\",\"@id\":\"https:\/\/bluedeal.co.mz\/#organization\",\"name\":\"Blue Deal Parceria Mo\u00e7ambique\",\"url\":\"https:\/\/bluedeal.co.mz\/\",\"logo\":{\"@type\":\"ImageObject\",\"inLanguage\":\"en-GB\",\"@id\":\"https:\/\/bluedeal.co.mz\/#\/schema\/logo\/image\/\",\"url\":\"https:\/\/bluedeal.co.mz\/wp-content\/uploads\/2023\/05\/blue-deal-logo.png\",\"contentUrl\":\"https:\/\/bluedeal.co.mz\/wp-content\/uploads\/2023\/05\/blue-deal-logo.png\",\"width\":65,\"height\":51,\"caption\":\"Blue Deal Parceria Mo\u00e7ambique\"},\"image\":{\"@id\":\"https:\/\/bluedeal.co.mz\/#\/schema\/logo\/image\/\"}}]}<\/script>\n<!-- \/ Yoast SEO plugin. -->","yoast_head_json":{"title":"Publica\u00e7\u00f5es e Downloads - Blue Deal Parceria Mo\u00e7ambique","robots":{"index":"index","follow":"follow","max-snippet":"max-snippet:-1","max-image-preview":"max-image-preview:large","max-video-preview":"max-video-preview:-1"},"canonical":"https:\/\/bluedeal.co.mz\/en\/publicacoes-e-downloads\/","og_locale":"en_GB","og_type":"article","og_title":"Publica\u00e7\u00f5es e Downloads - Blue Deal Parceria Mo\u00e7ambique","og_description":"Publica\u00e7\u00f5es e Downloads Explore a nossa biblioteca de documentos e publica\u00e7\u00f5es sobre o progresso da parceria e a gest\u00e3o de recursos h\u00eddricos em Mo\u00e7ambique. Descubra como as nossas ac\u00e7\u00f5es contribuem para a cria\u00e7\u00e3o de mudan\u00e7as positivas no acesso a \u00e1gua. Brochura da Parceria Blue Deal Mo\u00e7ambique (em Ingl\u00eas) Descarregar Brochura da Parceria Blue Deal Mo\u00e7ambique &hellip; Publica\u00e7\u00f5es e Downloads Read More &raquo;","og_url":"https:\/\/bluedeal.co.mz\/en\/publicacoes-e-downloads\/","og_site_name":"Blue Deal Parceria Mo\u00e7ambique","article_modified_time":"2024-07-18T15:05:56+00:00","og_image":[{"url":"https:\/\/bluedeal.co.mz\/wp-content\/uploads\/2023\/06\/Brochure-Blue-Deal-English-e1710750058115.jpg","type":"","width":"","height":""}],"twitter_card":"summary_large_image","twitter_misc":{"Estimated reading time":"1 minute"},"schema":{"@context":"https:\/\/schema.org","@graph":[{"@type":"WebPage","@id":"https:\/\/bluedeal.co.mz\/publicacoes-e-downloads\/","url":"https:\/\/bluedeal.co.mz\/publicacoes-e-downloads\/","name":"Publica\u00e7\u00f5es e Downloads - Blue Deal Parceria Mo\u00e7ambique","isPartOf":{"@id":"https:\/\/bluedeal.co.mz\/#website"},"primaryImageOfPage":{"@id":"https:\/\/bluedeal.co.mz\/publicacoes-e-downloads\/#primaryimage"},"image":{"@id":"https:\/\/bluedeal.co.mz\/publicacoes-e-downloads\/#primaryimage"},"thumbnailUrl":"https:\/\/bluedeal.co.mz\/wp-content\/uploads\/2023\/06\/Brochure-Blue-Deal-English-e1710750058115.jpg","datePublished":"2023-06-27T13:07:14+00:00","dateModified":"2024-07-18T15:05:56+00:00","breadcrumb":{"@id":"https:\/\/bluedeal.co.mz\/publicacoes-e-downloads\/#breadcrumb"},"inLanguage":"en-GB","potentialAction":[{"@type":"ReadAction","target":["https:\/\/bluedeal.co.mz\/publicacoes-e-downloads\/"]}]},{"@type":"ImageObject","inLanguage":"en-GB","@id":"https:\/\/bluedeal.co.mz\/publicacoes-e-downloads\/#primaryimage","url":"https:\/\/bluedeal.co.mz\/wp-content\/uploads\/2023\/06\/Brochure-Blue-Deal-English-e1710750058115.jpg","contentUrl":"https:\/\/bluedeal.co.mz\/wp-content\/uploads\/2023\/06\/Brochure-Blue-Deal-English-e1710750058115.jpg"},{"@type":"BreadcrumbList","@id":"https:\/\/bluedeal.co.mz\/publicacoes-e-downloads\/#breadcrumb","itemListElement":[{"@type":"ListItem","position":1,"name":"Home","item":"https:\/\/bluedeal.co.mz\/"},{"@type":"ListItem","position":2,"name":"Publica\u00e7\u00f5es e Downloads"}]},{"@type":"WebSite","@id":"https:\/\/bluedeal.co.mz\/#website","url":"https:\/\/bluedeal.co.mz\/","name":"Blue Deal Parceria Mo\u00e7ambique","description":"Coopera\u00e7\u00e3o entre as Autoridades de Agua em Mo\u00e7ambique e da Holanda.","publisher":{"@id":"https:\/\/bluedeal.co.mz\/#organization"},"potentialAction":[{"@type":"SearchAction","target":{"@type":"EntryPoint","urlTemplate":"https:\/\/bluedeal.co.mz\/?s={search_term_string}"},"query-input":{"@type":"PropertyValueSpecification","valueRequired":true,"valueName":"search_term_string"}}],"inLanguage":"en-GB"},{"@type":"Organization","@id":"https:\/\/bluedeal.co.mz\/#organization","name":"Blue Deal Parceria Mo\u00e7ambique","url":"https:\/\/bluedeal.co.mz\/","logo":{"@type":"ImageObject","inLanguage":"en-GB","@id":"https:\/\/bluedeal.co.mz\/#\/schema\/logo\/image\/","url":"https:\/\/bluedeal.co.mz\/wp-content\/uploads\/2023\/05\/blue-deal-logo.png","contentUrl":"https:\/\/bluedeal.co.mz\/wp-content\/uploads\/2023\/05\/blue-deal-logo.png","width":65,"height":51,"caption":"Blue Deal Parceria Mo\u00e7ambique"},"image":{"@id":"https:\/\/bluedeal.co.mz\/#\/schema\/logo\/image\/"}}]}},"_links":{"self":[{"href":"https:\/\/bluedeal.co.mz\/en\/wp-json\/wp\/v2\/pages\/1377","targetHints":{"allow":["GET"]}}],"collection":[{"href":"https:\/\/bluedeal.co.mz\/en\/wp-json\/wp\/v2\/pages"}],"about":[{"href":"https:\/\/bluedeal.co.mz\/en\/wp-json\/wp\/v2\/types\/page"}],"author":[{"embeddable":true,"href":"https:\/\/bluedeal.co.mz\/en\/wp-json\/wp\/v2\/users\/1"}],"replies":[{"embeddable":true,"href":"https:\/\/bluedeal.co.mz\/en\/wp-json\/wp\/v2\/comments?post=1377"}],"version-history":[{"count":152,"href":"https:\/\/bluedeal.co.mz\/en\/wp-json\/wp\/v2\/pages\/1377\/revisions"}],"predecessor-version":[{"id":6339,"href":"https:\/\/bluedeal.co.mz\/en\/wp-json\/wp\/v2\/pages\/1377\/revisions\/6339"}],"wp:attachment":[{"href":"https:\/\/bluedeal.co.mz\/en\/wp-json\/wp\/v2\/media?parent=1377"}],"curies":[{"name":"wp","href":"https:\/\/api.w.org\/{rel}","templated":true}]}}